{"id":8467,"date":"2025-08-06T16:39:53","date_gmt":"2025-08-06T21:39:53","guid":{"rendered":"https:\/\/www.karlaw.com\/privacy-policy\/"},"modified":"2025-12-01T10:50:51","modified_gmt":"2025-12-01T16:50:51","slug":"politica-de-privacidad","status":"publish","type":"page","link":"https:\/\/www.karlaw.com\/es\/politica-de-privacidad\/","title":{"rendered":"Pol\u00edtica de Privacidad"},"content":{"rendered":"<p>La informaci\u00f3n contenida en este sitio web se proporciona \u00fanicamente con fines informativos y no debe interpretarse como asesoramiento legal sobre ning\u00fan asunto. Ning\u00fan destinatario del contenido de este sitio, ya sea cliente o persona, debe actuar o abstenerse de actuar bas\u00e1ndose en la informaci\u00f3n contenida en el sitio sin buscar el asesoramiento legal o profesional adecuado sobre los hechos y circunstancias particulares en cuesti\u00f3n por parte de un abogado colegiado en el estado del destinatario.<\/p>\n<p>El contenido de este sitio web contiene informaci\u00f3n general y podr\u00eda no reflejar los desarrollos legales, veredictos o acuerdos actuales. Karlin &amp; Karlin declina expresamente toda responsabilidad con respecto a las acciones tomadas o no tomadas con base en la totalidad o parte del contenido de este sitio web. Cualquier informaci\u00f3n enviada a Karlin &amp; Karlin por correo electr\u00f3nico o a trav\u00e9s del sitio web no es segura y se realiza de forma no confidencial. La transmisi\u00f3n de informaci\u00f3n desde este sitio web no crea una relaci\u00f3n abogado-cliente entre usted y Karlin &amp; Karlin, ni pretende hacerlo.<\/p>\n<p>La transmisi\u00f3n del Sitio Web, total o parcial, y\/o cualquier comunicaci\u00f3n con Karlin &amp; Karlin por correo electr\u00f3nico a trav\u00e9s de este sitio no constituye ni crea una relaci\u00f3n abogado-cliente entre nosotros y los destinatarios. Algunos enlaces dentro del Sitio Web pueden dirigir a otros sitios web, incluyendo aquellos operados y mantenidos por terceros. Karlin &amp; Karlin incluye estos enlaces \u00fanicamente para su conveniencia, y la presencia de dichos enlaces no implica responsabilidad alguna por el sitio enlazado ni respaldo del mismo, su operador o su contenido. Este Sitio Web y su contenido se proporcionan \u00abTAL CUAL\u00bb, sin garant\u00eda de ning\u00fan tipo, ya sea expresa o impl\u00edcita, incluyendo, entre otras, las garant\u00edas impl\u00edcitas de comerciabilidad, idoneidad para un prop\u00f3sito particular o no infracci\u00f3n. Asimismo, Karlin &amp; Karlin no desea representar a nadie que desee representaci\u00f3n por haber visitado este Sitio Web en un estado donde este no cumpla con todas las leyes y normas \u00e9ticas de dicho estado. Queda prohibida la reproducci\u00f3n, distribuci\u00f3n, republicaci\u00f3n o retransmisi\u00f3n del material contenido en el sitio web de Karlin &amp; Karlin, salvo autorizaci\u00f3n previa por escrito de la Firma.<\/p>\n<h2>\u00bfUtilizamos cookies?<\/h2>\n<p>Utilizamos servicios de terceros para rastrear la actividad del sitio web, que pueden almacenar \u00abcookies\u00bb en su ordenador cuando visita nuestro sitio web. Esto nos permite a nosotros y\/o al servicio reconocer su ordenador la pr\u00f3xima vez que nos visite o visite otros sitios web que puedan mostrarle anuncios. El tipo de informaci\u00f3n que recopilamos como resultado de una cookie es espec\u00edfica de su ordenador y puede incluir la direcci\u00f3n IP, la fecha y hora de acceso a nuestro sitio web y las secciones del sitio web visitadas. Recopilamos esta informaci\u00f3n para supervisar el uso y la utilidad de nuestro sitio web y con fines estad\u00edsticos. Puede configurar su navegador para que le notifique cuando reciba una cookie o para que la rechace.<\/p>\n","protected":false},"excerpt":{"rendered":"<p>La informaci\u00f3n contenida en este sitio web se proporciona \u00fanicamente con fines informativos y no debe interpretarse como asesoramiento legal sobre ning\u00fan asunto. Ning\u00fan destinatario del contenido de este sitio, ya sea cliente o persona, debe actuar o abstenerse de actuar bas\u00e1ndose en la informaci\u00f3n contenida en el sitio sin buscar el asesoramiento legal o [&hellip;]<\/p>\n","protected":false},"author":1,"featured_media":0,"parent":0,"menu_order":0,"comment_status":"closed","ping_status":"open","template":"","meta":{"footnotes":""},"class_list":["post-8467","page","type-page","status-publish","hentry"],"yoast_head":"<!-- This site is optimized with the Yoast SEO plugin v27.3 - https:\/\/yoast.com\/product\/yoast-seo-wordpress\/ -->\n<title>Pol\u00edtica de Privacidad - karlaw<\/title>\n<meta name=\"robots\" content=\"index, follow, max-snippet:-1, max-image-preview:large, max-video-preview:-1\" \/>\n<link rel=\"canonical\" href=\"https:\/\/www.karlaw.com\/es\/politica-de-privacidad\/\" \/>\n<meta property=\"og:locale\" content=\"es_ES\" \/>\n<meta property=\"og:type\" content=\"article\" \/>\n<meta property=\"og:title\" content=\"Pol\u00edtica de Privacidad - karlaw\" \/>\n<meta property=\"og:description\" content=\"La informaci\u00f3n contenida en este sitio web se proporciona \u00fanicamente con fines informativos y no debe interpretarse como asesoramiento legal sobre ning\u00fan asunto. Ning\u00fan destinatario del contenido de este sitio, ya sea cliente o persona, debe actuar o abstenerse de actuar bas\u00e1ndose en la informaci\u00f3n contenida en el sitio sin buscar el asesoramiento legal o [&hellip;]\" \/>\n<meta property=\"og:url\" content=\"https:\/\/www.karlaw.com\/es\/politica-de-privacidad\/\" \/>\n<meta property=\"og:site_name\" content=\"karlaw\" \/>\n<meta property=\"article:modified_time\" content=\"2025-12-01T16:50:51+00:00\" \/>\n<meta name=\"twitter:card\" content=\"summary_large_image\" \/>\n<meta name=\"twitter:label1\" content=\"Tiempo de lectura\" \/>\n\t<meta name=\"twitter:data1\" content=\"3 minutos\" \/>\n<script type=\"application\/ld+json\" class=\"yoast-schema-graph\">{\"@context\":\"https:\\\/\\\/schema.org\",\"@graph\":[{\"@type\":\"WebPage\",\"@id\":\"https:\\\/\\\/www.karlaw.com\\\/es\\\/politica-de-privacidad\\\/\",\"url\":\"https:\\\/\\\/www.karlaw.com\\\/es\\\/politica-de-privacidad\\\/\",\"name\":\"Pol\u00edtica de Privacidad - karlaw\",\"isPartOf\":{\"@id\":\"https:\\\/\\\/www.karlaw.com\\\/es\\\/#website\"},\"datePublished\":\"2025-08-06T21:39:53+00:00\",\"dateModified\":\"2025-12-01T16:50:51+00:00\",\"breadcrumb\":{\"@id\":\"https:\\\/\\\/www.karlaw.com\\\/es\\\/politica-de-privacidad\\\/#breadcrumb\"},\"inLanguage\":\"es\",\"potentialAction\":[{\"@type\":\"ReadAction\",\"target\":[\"https:\\\/\\\/www.karlaw.com\\\/es\\\/politica-de-privacidad\\\/\"]}]},{\"@type\":\"BreadcrumbList\",\"@id\":\"https:\\\/\\\/www.karlaw.com\\\/es\\\/politica-de-privacidad\\\/#breadcrumb\",\"itemListElement\":[{\"@type\":\"ListItem\",\"position\":1,\"name\":\"Home\",\"item\":\"https:\\\/\\\/www.karlaw.com\\\/es\\\/\"},{\"@type\":\"ListItem\",\"position\":2,\"name\":\"Pol\u00edtica de Privacidad\"}]},{\"@type\":\"WebSite\",\"@id\":\"https:\\\/\\\/www.karlaw.com\\\/es\\\/#website\",\"url\":\"https:\\\/\\\/www.karlaw.com\\\/es\\\/\",\"name\":\"karlaw\",\"description\":\"\",\"potentialAction\":[{\"@type\":\"SearchAction\",\"target\":{\"@type\":\"EntryPoint\",\"urlTemplate\":\"https:\\\/\\\/www.karlaw.com\\\/es\\\/?s={search_term_string}\"},\"query-input\":{\"@type\":\"PropertyValueSpecification\",\"valueRequired\":true,\"valueName\":\"search_term_string\"}}],\"inLanguage\":\"es\"}]}<\/script>\n<!-- \/ Yoast SEO plugin. -->","yoast_head_json":{"title":"Pol\u00edtica de Privacidad - karlaw","robots":{"index":"index","follow":"follow","max-snippet":"max-snippet:-1","max-image-preview":"max-image-preview:large","max-video-preview":"max-video-preview:-1"},"canonical":"https:\/\/www.karlaw.com\/es\/politica-de-privacidad\/","og_locale":"es_ES","og_type":"article","og_title":"Pol\u00edtica de Privacidad - karlaw","og_description":"La informaci\u00f3n contenida en este sitio web se proporciona \u00fanicamente con fines informativos y no debe interpretarse como asesoramiento legal sobre ning\u00fan asunto. Ning\u00fan destinatario del contenido de este sitio, ya sea cliente o persona, debe actuar o abstenerse de actuar bas\u00e1ndose en la informaci\u00f3n contenida en el sitio sin buscar el asesoramiento legal o [&hellip;]","og_url":"https:\/\/www.karlaw.com\/es\/politica-de-privacidad\/","og_site_name":"karlaw","article_modified_time":"2025-12-01T16:50:51+00:00","twitter_card":"summary_large_image","twitter_misc":{"Tiempo de lectura":"3 minutos"},"schema":{"@context":"https:\/\/schema.org","@graph":[{"@type":"WebPage","@id":"https:\/\/www.karlaw.com\/es\/politica-de-privacidad\/","url":"https:\/\/www.karlaw.com\/es\/politica-de-privacidad\/","name":"Pol\u00edtica de Privacidad - karlaw","isPartOf":{"@id":"https:\/\/www.karlaw.com\/es\/#website"},"datePublished":"2025-08-06T21:39:53+00:00","dateModified":"2025-12-01T16:50:51+00:00","breadcrumb":{"@id":"https:\/\/www.karlaw.com\/es\/politica-de-privacidad\/#breadcrumb"},"inLanguage":"es","potentialAction":[{"@type":"ReadAction","target":["https:\/\/www.karlaw.com\/es\/politica-de-privacidad\/"]}]},{"@type":"BreadcrumbList","@id":"https:\/\/www.karlaw.com\/es\/politica-de-privacidad\/#breadcrumb","itemListElement":[{"@type":"ListItem","position":1,"name":"Home","item":"https:\/\/www.karlaw.com\/es\/"},{"@type":"ListItem","position":2,"name":"Pol\u00edtica de Privacidad"}]},{"@type":"WebSite","@id":"https:\/\/www.karlaw.com\/es\/#website","url":"https:\/\/www.karlaw.com\/es\/","name":"karlaw","description":"","potentialAction":[{"@type":"SearchAction","target":{"@type":"EntryPoint","urlTemplate":"https:\/\/www.karlaw.com\/es\/?s={search_term_string}"},"query-input":{"@type":"PropertyValueSpecification","valueRequired":true,"valueName":"search_term_string"}}],"inLanguage":"es"}]}},"_links":{"self":[{"href":"https:\/\/www.karlaw.com\/es\/wp-json\/wp\/v2\/pages\/8467","targetHints":{"allow":["GET"]}}],"collection":[{"href":"https:\/\/www.karlaw.com\/es\/wp-json\/wp\/v2\/pages"}],"about":[{"href":"https:\/\/www.karlaw.com\/es\/wp-json\/wp\/v2\/types\/page"}],"author":[{"embeddable":true,"href":"https:\/\/www.karlaw.com\/es\/wp-json\/wp\/v2\/users\/1"}],"replies":[{"embeddable":true,"href":"https:\/\/www.karlaw.com\/es\/wp-json\/wp\/v2\/comments?post=8467"}],"version-history":[{"count":2,"href":"https:\/\/www.karlaw.com\/es\/wp-json\/wp\/v2\/pages\/8467\/revisions"}],"predecessor-version":[{"id":8469,"href":"https:\/\/www.karlaw.com\/es\/wp-json\/wp\/v2\/pages\/8467\/revisions\/8469"}],"wp:attachment":[{"href":"https:\/\/www.karlaw.com\/es\/wp-json\/wp\/v2\/media?parent=8467"}],"curies":[{"name":"wp","href":"https:\/\/api.w.org\/{rel}","templated":true}]}}