{"id":7640,"date":"2025-10-14T12:58:19","date_gmt":"2025-10-14T17:58:19","guid":{"rendered":"https:\/\/www.karlaw.com\/marc-karlin\/"},"modified":"2026-03-17T16:09:20","modified_gmt":"2026-03-17T21:09:20","slug":"abogado-marc-karlin","status":"publish","type":"page","link":"https:\/\/www.karlaw.com\/es\/abogado-marc-karlin\/","title":{"rendered":"Abogado Marc Karlin"},"content":{"rendered":"\t\t<div data-elementor-type=\"wp-page\" data-elementor-id=\"7640\" class=\"elementor elementor-7640 elementor-7553\" data-elementor-post-type=\"page\">\n\t\t\t\t<div class=\"elementor-element elementor-element-8b57932 e-flex e-con-boxed e-con e-parent\" data-id=\"8b57932\" data-element_type=\"container\" data-e-type=\"container\" data-settings=\"{&quot;background_background&quot;:&quot;classic&quot;}\">\n\t\t\t\t\t<div class=\"e-con-inner\">\n\t\t<div class=\"elementor-element elementor-element-3b7a359 e-con-full e-flex e-con e-child\" data-id=\"3b7a359\" data-element_type=\"container\" data-e-type=\"container\">\n\t\t\t\t<div class=\"elementor-element elementor-element-aa57303 elementor-widget elementor-widget-image\" data-id=\"aa57303\" data-element_type=\"widget\" data-e-type=\"widget\" data-widget_type=\"image.default\">\n\t\t\t\t\t\t\t\t\t\t\t\t\t\t\t<img fetchpriority=\"high\" decoding=\"async\" width=\"610\" height=\"770\" src=\"https:\/\/www.karlaw.com\/wp-content\/uploads\/2025\/09\/Marc-Karlin-Karlin-Karlin-Law-2.jpg\" class=\"attachment-full size-full wp-image-6711\" alt=\"\" srcset=\"https:\/\/www.karlaw.com\/wp-content\/uploads\/2025\/09\/Marc-Karlin-Karlin-Karlin-Law-2.jpg 610w, https:\/\/www.karlaw.com\/wp-content\/uploads\/2025\/09\/Marc-Karlin-Karlin-Karlin-Law-2-238x300.jpg 238w\" sizes=\"(max-width: 610px) 100vw, 610px\" \/>\t\t\t\t\t\t\t\t\t\t\t\t\t\t\t<\/div>\n\t\t\t\t<div class=\"elementor-element elementor-element-d3561e8 elementor-vertical-align-top elementor-widget elementor-widget-image-box\" data-id=\"d3561e8\" data-element_type=\"widget\" data-e-type=\"widget\" data-widget_type=\"image-box.default\">\n\t\t\t\t\t<div class=\"elementor-image-box-wrapper\"><div class=\"elementor-image-box-content\"><h3 class=\"elementor-image-box-title\">Marc Karlin<\/h3><p class=\"elementor-image-box-description\">Abogado Director<\/p><\/div><\/div>\t\t\t\t<\/div>\n\t\t\t\t<div class=\"elementor-element elementor-element-9d468dc elementor-vertical-align-top elementor-widget elementor-widget-image-box\" data-id=\"9d468dc\" data-element_type=\"widget\" data-e-type=\"widget\" data-widget_type=\"image-box.default\">\n\t\t\t\t\t<div class=\"elementor-image-box-wrapper\"><div class=\"elementor-image-box-content\"><h3 class=\"elementor-image-box-title\">Facultad de Derecho<br>de Loyola - J.D.<\/h3><p class=\"elementor-image-box-description\">Los Angeles (1988)<\/p><\/div><\/div>\t\t\t\t<\/div>\n\t\t\t\t<div class=\"elementor-element elementor-element-e24f315 elementor-vertical-align-top elementor-widget elementor-widget-image-box\" data-id=\"e24f315\" data-element_type=\"widget\" data-e-type=\"widget\" data-widget_type=\"image-box.default\">\n\t\t\t\t\t<div class=\"elementor-image-box-wrapper\"><div class=\"elementor-image-box-content\"><h3 class=\"elementor-image-box-title\">Universidad de California - B.A.<\/h3><p class=\"elementor-image-box-description\">San Diego (1985)<\/p><\/div><\/div>\t\t\t\t<\/div>\n\t\t\t\t<\/div>\n\t\t<div class=\"elementor-element elementor-element-10739be e-con-full e-flex e-con e-child\" data-id=\"10739be\" data-element_type=\"container\" data-e-type=\"container\">\n\t\t\t\t<div class=\"elementor-element elementor-element-802f5a7 elementor-invisible elementor-widget elementor-widget-heading\" data-id=\"802f5a7\" data-element_type=\"widget\" data-e-type=\"widget\" data-settings=\"{&quot;_animation&quot;:&quot;fadeInUp&quot;}\" data-widget_type=\"heading.default\">\n\t\t\t\t\t<h1 class=\"elementor-heading-title elementor-size-default\">Sobre Marc Karlin<\/h1>\t\t\t\t<\/div>\n\t\t\t\t<div class=\"elementor-element elementor-element-1547763 elementor-widget elementor-widget-text-editor\" data-id=\"1547763\" data-element_type=\"widget\" data-e-type=\"widget\" data-widget_type=\"text-editor.default\">\n\t\t\t\t\t\t\t\t\t<div class=\"flex flex-col text-sm pb-25\"><article class=\"text-token-text-primary w-full focus:outline-none [--shadow-height:45px] has-data-writing-block:pointer-events-none has-data-writing-block:-mt-(--shadow-height) has-data-writing-block:pt-(--shadow-height) [&amp;:has([data-writing-block])&gt;*]:pointer-events-auto scroll-mt-[calc(var(--header-height)+min(200px,max(70px,20svh)))]\" dir=\"auto\" tabindex=\"-1\" data-turn-id=\"request-69616760-7e6c-8321-bc77-e458fa856547-8\" data-testid=\"conversation-turn-24\" data-scroll-anchor=\"true\" data-turn=\"assistant\"><div class=\"text-base my-auto mx-auto pb-10 [--thread-content-margin:--spacing(4)] @w-sm\/main:[--thread-content-margin:--spacing(6)] @w-lg\/main:[--thread-content-margin:--spacing(16)] px-(--thread-content-margin)\"><div class=\"[--thread-content-max-width:40rem] @w-lg\/main:[--thread-content-max-width:48rem] mx-auto max-w-(--thread-content-max-width) flex-1 group\/turn-messages focus-visible:outline-hidden relative flex w-full min-w-0 flex-col agent-turn\" tabindex=\"-1\"><div class=\"flex max-w-full flex-col grow\"><div class=\"min-h-8 text-message relative flex w-full flex-col items-end gap-2 text-start break-words whitespace-normal [.text-message+&amp;]:mt-1\" dir=\"auto\" data-message-author-role=\"assistant\" data-message-id=\"7b89fe07-0865-4ca1-b6c2-8cf020d93d16\" data-message-model-slug=\"gpt-5-2\"><div class=\"flex w-full flex-col gap-1 empty:hidden first:pt-[1px]\"><div class=\"markdown prose dark:prose-invert w-full wrap-break-word light markdown-new-styling\"><p data-start=\"0\" data-end=\"231\">El abogado Marc Karlin es el socio director de Karlin &amp; Karlin, APC, cargo que ocupa desde 2017. Ejerce el derecho de inmigraci\u00f3n a nivel nacional, representando a personas y familias en todas las etapas del proceso migratorio.<\/p><p data-start=\"233\" data-end=\"794\">Nacido, criado y educado en el sur de California, Marc inici\u00f3 su carrera legal en litigios civiles antes de unir fuerzas con su difunto padre, Philip Karlin, un respetado abogado de inmigraci\u00f3n, para fundar Karlin &amp; Karlin. Desde entonces, el Sr. Karlin ha guiado a sus clientes a trav\u00e9s de una amplia gama de asuntos migratorios complejos, incluidos casos basados en la familia, opciones basadas en el empleo, defensa contra la deportaci\u00f3n, perdones, procesamiento consular y estrategias migratorias a largo plazo adaptadas a los objetivos de cada cliente.<\/p><p data-start=\"796\" data-end=\"1421\">Uno de los logros m\u00e1s destacados del Sr. Karlin incluye haber impugnado con \u00e9xito en un tribunal federal una denegaci\u00f3n injusta de USCIS de la residencia permanente de un cliente, despu\u00e9s de que la agencia se basara en una acusaci\u00f3n de votaci\u00f3n indebida, a pesar de admitir que el cliente actu\u00f3 de buena fe y sin intenci\u00f3n criminal. El Sr. Karlin oblig\u00f3 al gobierno a enfrentar su error, y el Tribunal de Distrito de los Estados Unidos determin\u00f3 que USCIS actu\u00f3 de manera arbitraria y contraria a la ley, despejando el camino hacia la residencia permanente. <em data-start=\"1356\" data-end=\"1419\">Valdivia Chavez v. Arellano, et al., CV 07-01383 (C.D. Cal.).<\/em><\/p><p data-start=\"1423\" data-end=\"1839\" data-is-last-node=\"\" data-is-only-node=\"\">El compromiso del Sr. Karlin con el servicio comunitario inculcado por su padre es fundamental en su pr\u00e1ctica. Se enorgullece de apoyar a organizaciones como Big Sunday y la Colburn School, y Karlin &amp; Karlin brinda regularmente servicios legales pro bono a organizaciones ben\u00e9ficas, incluida Homeboy Industries, fundada por su antiguo instructor de Loyola High School y amigo de muchos a\u00f1os, el padre Greg Boyle.<\/p><\/div><\/div><\/div><\/div><\/div><\/div><\/article><\/div>\t\t\t\t\t\t\t\t<\/div>\n\t\t\t\t<\/div>\n\t\t\t\t\t<\/div>\n\t\t\t\t<\/div>\n\t\t<div class=\"elementor-element elementor-element-804e819 e-flex e-con-boxed e-con e-parent\" data-id=\"804e819\" data-element_type=\"container\" data-e-type=\"container\" data-settings=\"{&quot;background_background&quot;:&quot;classic&quot;}\">\n\t\t\t\t\t<div class=\"e-con-inner\">\n\t\t\t\t<div class=\"elementor-element elementor-element-7769629 elementor-widget elementor-widget-heading\" data-id=\"7769629\" data-element_type=\"widget\" data-e-type=\"widget\" data-widget_type=\"heading.default\">\n\t\t\t\t\t<h2 class=\"elementor-heading-title elementor-size-default\">Asociaciones Profesionales\/Membres\u00edas<\/h2>\t\t\t\t<\/div>\n\t\t\t\t<div class=\"elementor-element elementor-element-f89898f elementor-widget elementor-widget-image\" data-id=\"f89898f\" data-element_type=\"widget\" data-e-type=\"widget\" data-widget_type=\"image.default\">\n\t\t\t\t\t\t\t\t\t\t\t\t\t\t\t<img decoding=\"async\" width=\"468\" height=\"145\" src=\"https:\/\/www.karlaw.com\/wp-content\/uploads\/2025\/12\/Associations-with-Karlin-Karlin-2-logos.png\" class=\"attachment-full size-full wp-image-8402\" alt=\"Associations-with-Karlin-Karlin 2 logos\" srcset=\"https:\/\/www.karlaw.com\/wp-content\/uploads\/2025\/12\/Associations-with-Karlin-Karlin-2-logos.png 468w, https:\/\/www.karlaw.com\/wp-content\/uploads\/2025\/12\/Associations-with-Karlin-Karlin-2-logos-300x93.png 300w\" sizes=\"(max-width: 468px) 100vw, 468px\" \/>\t\t\t\t\t\t\t\t\t\t\t\t\t\t\t<\/div>\n\t\t\t\t\t<\/div>\n\t\t\t\t<\/div>\n\t\t<div class=\"elementor-element elementor-element-3df5b79d e-flex e-con-boxed e-con e-parent\" data-id=\"3df5b79d\" data-element_type=\"container\" data-e-type=\"container\" data-settings=\"{&quot;background_background&quot;:&quot;classic&quot;}\">\n\t\t\t\t\t<div class=\"e-con-inner\">\n\t\t<div class=\"elementor-element elementor-element-26e69edf e-con-full e-flex e-con e-child\" data-id=\"26e69edf\" data-element_type=\"container\" data-e-type=\"container\">\n\t\t\t\t<div class=\"elementor-element elementor-element-54569598 elementor-widget elementor-widget-heading\" data-id=\"54569598\" data-element_type=\"widget\" data-e-type=\"widget\" data-widget_type=\"heading.default\">\n\t\t\t\t\t<h4 class=\"elementor-heading-title elementor-size-default\">\u00a1Solicite una Consulta Gratuita Hoy Mismo!<\/h4>\t\t\t\t<\/div>\n\t\t\t\t<\/div>\n\t\t<div class=\"elementor-element elementor-element-7aea5721 e-con-full e-flex e-con e-child\" data-id=\"7aea5721\" data-element_type=\"container\" data-e-type=\"container\">\n\t\t\t\t<div class=\"elementor-element elementor-element-631a1948 elementor-align-center elementor-widget elementor-widget-button\" data-id=\"631a1948\" data-element_type=\"widget\" data-e-type=\"widget\" data-widget_type=\"button.default\">\n\t\t\t\t\t\t\t\t\t\t<a class=\"elementor-button elementor-button-link elementor-size-sm elementor-animation-push\" href=\"https:\/\/www.karlaw.com\/es\/contacto\/\">\n\t\t\t\t\t\t<span class=\"elementor-button-content-wrapper\">\n\t\t\t\t\t\t\t\t\t<span class=\"elementor-button-text\">\u00a1Programe Ahora!<\/span>\n\t\t\t\t\t<\/span>\n\t\t\t\t\t<\/a>\n\t\t\t\t\t\t\t\t<\/div>\n\t\t\t\t<\/div>\n\t\t\t\t\t<\/div>\n\t\t\t\t<\/div>\n\t\t<div class=\"elementor-element elementor-element-2c82db3 elementor-hidden-desktop elementor-hidden-tablet elementor-hidden-mobile e-flex e-con-boxed e-con e-parent\" data-id=\"2c82db3\" data-element_type=\"container\" data-e-type=\"container\">\n\t\t\t\t\t<div class=\"e-con-inner\">\n\t\t\t\t<div class=\"elementor-element elementor-element-d8e2644 elementor-widget elementor-widget-heading\" data-id=\"d8e2644\" data-element_type=\"widget\" data-e-type=\"widget\" data-widget_type=\"heading.default\">\n\t\t\t\t\t<h2 class=\"elementor-heading-title elementor-size-default\">Admissions<\/h2>\t\t\t\t<\/div>\n\t\t\t\t<div class=\"elementor-element elementor-element-510d3e3 elementor-widget elementor-widget-text-editor\" data-id=\"510d3e3\" data-element_type=\"widget\" data-e-type=\"widget\" data-widget_type=\"text-editor.default\">\n\t\t\t\t\t\t\t\t\t<p>California State Courts<\/p><p>U.S. District Court, Central District of CaliforniaCalifornia State Courts<\/p><p>United States Supreme Court<\/p><p>U.S. District Court, Central District of California<\/p><p>U.S. District Court, Southern District of California<\/p><p>U.S. District Court, Northern District of California<\/p><p>U.S. District Court, Southern District of New York<\/p><p>U.S. District Court, Northern District of Florida<\/p><p>U.S. Court of Appeals, Ninth Circuit<\/p><p>U.S. Court of Appeals, Second Circuit<\/p><p>U.S. District Court, Southern District of California<\/p><p>U.S. District Court, Northern District of California<\/p><p>U.S. District Court, Northern District of Florida<\/p><p>U.S. Court of Appeals, Ninth Circuit<\/p><p>U.S. Court of Appeals, Second Circuit<\/p>\t\t\t\t\t\t\t\t<\/div>\n\t\t\t\t\t<\/div>\n\t\t\t\t<\/div>\n\t\t\t\t<\/div>\n\t\t","protected":false},"excerpt":{"rendered":"<p>Marc Karlin Abogado Director Facultad de Derecho de Loyola &#8211; J.D. Los Angeles (1988) Universidad de California &#8211; B.A. San Diego (1985) Sobre Marc Karlin El abogado Marc Karlin es el socio director de Karlin &amp; Karlin, APC, cargo que ocupa desde 2017. Ejerce el derecho de inmigraci\u00f3n a nivel nacional, representando a personas y [&hellip;]<\/p>\n","protected":false},"author":2,"featured_media":0,"parent":0,"menu_order":0,"comment_status":"closed","ping_status":"closed","template":"","meta":{"footnotes":""},"class_list":["post-7640","page","type-page","status-publish","hentry"],"yoast_head":"<!-- This site is optimized with the Yoast SEO plugin v27.5 - https:\/\/yoast.com\/product\/yoast-seo-wordpress\/ -->\n<title>Abogado Marc Karlin - Abogados Karlin<\/title>\n<meta name=\"robots\" content=\"index, follow, max-snippet:-1, max-image-preview:large, max-video-preview:-1\" \/>\n<link rel=\"canonical\" href=\"https:\/\/www.karlaw.com\/es\/abogado-marc-karlin\/\" \/>\n<meta property=\"og:locale\" content=\"es_ES\" \/>\n<meta property=\"og:type\" content=\"article\" \/>\n<meta property=\"og:title\" content=\"Abogado Marc Karlin - Abogados Karlin\" \/>\n<meta property=\"og:description\" content=\"Marc Karlin Abogado Director Facultad de Derecho de Loyola &#8211; J.D. Los Angeles (1988) Universidad de California &#8211; B.A. San Diego (1985) Sobre Marc Karlin El abogado Marc Karlin es el socio director de Karlin &amp; Karlin, APC, cargo que ocupa desde 2017. Ejerce el derecho de inmigraci\u00f3n a nivel nacional, representando a personas y [&hellip;]\" \/>\n<meta property=\"og:url\" content=\"https:\/\/www.karlaw.com\/es\/abogado-marc-karlin\/\" \/>\n<meta property=\"og:site_name\" content=\"karlaw\" \/>\n<meta property=\"article:modified_time\" content=\"2026-03-17T21:09:20+00:00\" \/>\n<meta property=\"og:image\" content=\"https:\/\/www.karlaw.com\/wp-content\/uploads\/2025\/09\/Marc-Karlin-Karlin-Karlin-Law-2.jpg\" \/>\n<meta name=\"twitter:card\" content=\"summary_large_image\" \/>\n<meta name=\"twitter:label1\" content=\"Tiempo de lectura\" \/>\n\t<meta name=\"twitter:data1\" content=\"3 minutos\" \/>\n<script type=\"application\/ld+json\" class=\"yoast-schema-graph\">{\"@context\":\"https:\\\/\\\/schema.org\",\"@graph\":[{\"@type\":\"WebPage\",\"@id\":\"https:\\\/\\\/www.karlaw.com\\\/es\\\/abogado-marc-karlin\\\/\",\"url\":\"https:\\\/\\\/www.karlaw.com\\\/es\\\/abogado-marc-karlin\\\/\",\"name\":\"Abogado Marc Karlin - Abogados Karlin\",\"isPartOf\":{\"@id\":\"https:\\\/\\\/www.karlaw.com\\\/es\\\/#website\"},\"primaryImageOfPage\":{\"@id\":\"https:\\\/\\\/www.karlaw.com\\\/es\\\/abogado-marc-karlin\\\/#primaryimage\"},\"image\":{\"@id\":\"https:\\\/\\\/www.karlaw.com\\\/es\\\/abogado-marc-karlin\\\/#primaryimage\"},\"thumbnailUrl\":\"https:\\\/\\\/www.karlaw.com\\\/wp-content\\\/uploads\\\/2025\\\/09\\\/Marc-Karlin-Karlin-Karlin-Law-2.jpg\",\"datePublished\":\"2025-10-14T17:58:19+00:00\",\"dateModified\":\"2026-03-17T21:09:20+00:00\",\"breadcrumb\":{\"@id\":\"https:\\\/\\\/www.karlaw.com\\\/es\\\/abogado-marc-karlin\\\/#breadcrumb\"},\"inLanguage\":\"es\",\"potentialAction\":[{\"@type\":\"ReadAction\",\"target\":[\"https:\\\/\\\/www.karlaw.com\\\/es\\\/abogado-marc-karlin\\\/\"]}]},{\"@type\":\"ImageObject\",\"inLanguage\":\"es\",\"@id\":\"https:\\\/\\\/www.karlaw.com\\\/es\\\/abogado-marc-karlin\\\/#primaryimage\",\"url\":\"https:\\\/\\\/www.karlaw.com\\\/wp-content\\\/uploads\\\/2025\\\/09\\\/Marc-Karlin-Karlin-Karlin-Law-2.jpg\",\"contentUrl\":\"https:\\\/\\\/www.karlaw.com\\\/wp-content\\\/uploads\\\/2025\\\/09\\\/Marc-Karlin-Karlin-Karlin-Law-2.jpg\"},{\"@type\":\"BreadcrumbList\",\"@id\":\"https:\\\/\\\/www.karlaw.com\\\/es\\\/abogado-marc-karlin\\\/#breadcrumb\",\"itemListElement\":[{\"@type\":\"ListItem\",\"position\":1,\"name\":\"Home\",\"item\":\"https:\\\/\\\/www.karlaw.com\\\/es\\\/\"},{\"@type\":\"ListItem\",\"position\":2,\"name\":\"Abogado Marc Karlin\"}]},{\"@type\":\"WebSite\",\"@id\":\"https:\\\/\\\/www.karlaw.com\\\/es\\\/#website\",\"url\":\"https:\\\/\\\/www.karlaw.com\\\/es\\\/\",\"name\":\"karlaw\",\"description\":\"\",\"potentialAction\":[{\"@type\":\"SearchAction\",\"target\":{\"@type\":\"EntryPoint\",\"urlTemplate\":\"https:\\\/\\\/www.karlaw.com\\\/es\\\/?s={search_term_string}\"},\"query-input\":{\"@type\":\"PropertyValueSpecification\",\"valueRequired\":true,\"valueName\":\"search_term_string\"}}],\"inLanguage\":\"es\"}]}<\/script>\n<!-- \/ Yoast SEO plugin. -->","yoast_head_json":{"title":"Abogado Marc Karlin - Abogados Karlin","robots":{"index":"index","follow":"follow","max-snippet":"max-snippet:-1","max-image-preview":"max-image-preview:large","max-video-preview":"max-video-preview:-1"},"canonical":"https:\/\/www.karlaw.com\/es\/abogado-marc-karlin\/","og_locale":"es_ES","og_type":"article","og_title":"Abogado Marc Karlin - Abogados Karlin","og_description":"Marc Karlin Abogado Director Facultad de Derecho de Loyola &#8211; J.D. Los Angeles (1988) Universidad de California &#8211; B.A. San Diego (1985) Sobre Marc Karlin El abogado Marc Karlin es el socio director de Karlin &amp; Karlin, APC, cargo que ocupa desde 2017. Ejerce el derecho de inmigraci\u00f3n a nivel nacional, representando a personas y [&hellip;]","og_url":"https:\/\/www.karlaw.com\/es\/abogado-marc-karlin\/","og_site_name":"karlaw","article_modified_time":"2026-03-17T21:09:20+00:00","og_image":[{"url":"https:\/\/www.karlaw.com\/wp-content\/uploads\/2025\/09\/Marc-Karlin-Karlin-Karlin-Law-2.jpg","type":"","width":"","height":""}],"twitter_card":"summary_large_image","twitter_misc":{"Tiempo de lectura":"3 minutos"},"schema":{"@context":"https:\/\/schema.org","@graph":[{"@type":"WebPage","@id":"https:\/\/www.karlaw.com\/es\/abogado-marc-karlin\/","url":"https:\/\/www.karlaw.com\/es\/abogado-marc-karlin\/","name":"Abogado Marc Karlin - Abogados Karlin","isPartOf":{"@id":"https:\/\/www.karlaw.com\/es\/#website"},"primaryImageOfPage":{"@id":"https:\/\/www.karlaw.com\/es\/abogado-marc-karlin\/#primaryimage"},"image":{"@id":"https:\/\/www.karlaw.com\/es\/abogado-marc-karlin\/#primaryimage"},"thumbnailUrl":"https:\/\/www.karlaw.com\/wp-content\/uploads\/2025\/09\/Marc-Karlin-Karlin-Karlin-Law-2.jpg","datePublished":"2025-10-14T17:58:19+00:00","dateModified":"2026-03-17T21:09:20+00:00","breadcrumb":{"@id":"https:\/\/www.karlaw.com\/es\/abogado-marc-karlin\/#breadcrumb"},"inLanguage":"es","potentialAction":[{"@type":"ReadAction","target":["https:\/\/www.karlaw.com\/es\/abogado-marc-karlin\/"]}]},{"@type":"ImageObject","inLanguage":"es","@id":"https:\/\/www.karlaw.com\/es\/abogado-marc-karlin\/#primaryimage","url":"https:\/\/www.karlaw.com\/wp-content\/uploads\/2025\/09\/Marc-Karlin-Karlin-Karlin-Law-2.jpg","contentUrl":"https:\/\/www.karlaw.com\/wp-content\/uploads\/2025\/09\/Marc-Karlin-Karlin-Karlin-Law-2.jpg"},{"@type":"BreadcrumbList","@id":"https:\/\/www.karlaw.com\/es\/abogado-marc-karlin\/#breadcrumb","itemListElement":[{"@type":"ListItem","position":1,"name":"Home","item":"https:\/\/www.karlaw.com\/es\/"},{"@type":"ListItem","position":2,"name":"Abogado Marc Karlin"}]},{"@type":"WebSite","@id":"https:\/\/www.karlaw.com\/es\/#website","url":"https:\/\/www.karlaw.com\/es\/","name":"karlaw","description":"","potentialAction":[{"@type":"SearchAction","target":{"@type":"EntryPoint","urlTemplate":"https:\/\/www.karlaw.com\/es\/?s={search_term_string}"},"query-input":{"@type":"PropertyValueSpecification","valueRequired":true,"valueName":"search_term_string"}}],"inLanguage":"es"}]}},"_links":{"self":[{"href":"https:\/\/www.karlaw.com\/es\/wp-json\/wp\/v2\/pages\/7640","targetHints":{"allow":["GET"]}}],"collection":[{"href":"https:\/\/www.karlaw.com\/es\/wp-json\/wp\/v2\/pages"}],"about":[{"href":"https:\/\/www.karlaw.com\/es\/wp-json\/wp\/v2\/types\/page"}],"author":[{"embeddable":true,"href":"https:\/\/www.karlaw.com\/es\/wp-json\/wp\/v2\/users\/2"}],"replies":[{"embeddable":true,"href":"https:\/\/www.karlaw.com\/es\/wp-json\/wp\/v2\/comments?post=7640"}],"version-history":[{"count":54,"href":"https:\/\/www.karlaw.com\/es\/wp-json\/wp\/v2\/pages\/7640\/revisions"}],"predecessor-version":[{"id":10800,"href":"https:\/\/www.karlaw.com\/es\/wp-json\/wp\/v2\/pages\/7640\/revisions\/10800"}],"wp:attachment":[{"href":"https:\/\/www.karlaw.com\/es\/wp-json\/wp\/v2\/media?parent=7640"}],"curies":[{"name":"wp","href":"https:\/\/api.w.org\/{rel}","templated":true}]}}